{"id":9,"date":"2023-07-08T07:27:04","date_gmt":"2023-07-08T07:27:04","guid":{"rendered":"http:\/\/h2obprecense.local\/?page_id=9"},"modified":"2023-07-14T03:36:16","modified_gmt":"2023-07-14T07:36:16","slug":"homepage","status":"publish","type":"page","link":"https:\/\/h2obaja.com\/es\/","title":{"rendered":"Homepage"},"content":{"rendered":"<img decoding=\"async\" src=\"https:\/\/h2obaja.com\/wp-content\/uploads\/2023\/07\/h2obaja-logo-bg.png\" alt=\"\">\n<p>Somos tu mejor opci\u00f3n para productos de purificaci\u00f3n de agua, incluyendo sistemas para toda la casa, \u00f3smosis inversa, ultrafiltraci\u00f3n, ozono, luz ultravioleta y m\u00e1s. Ubicados en Cabo San Lucas, ofrecemos a los residentes de Los Cabos una prueba gratuita de agua potable en nuestro laboratorio, despu\u00e9s de la cual te ofreceremos la soluci\u00f3n a los problemas de agua en tu hogar. \u00bfPor qu\u00e9 esperar? Llama al:&nbsp;<strong>(624) 144-3348&nbsp;<\/strong><\/p>\n\t<p><iframe loading=\"lazy\" src=\"https:\/\/www.youtube.com\/embed\/V0JmWf3trxE\" width=\"100%\" height=\"300\" frameborder=\"0\" allowfullscreen=\"allowfullscreen\"><\/iframe><\/p>\n<h4><strong><img loading=\"lazy\" decoding=\"async\" src=\"https:\/\/h2obaja.com\/wp-content\/themes\/presence-child\/icons\/check.svg\" class=\"\" height=\"30\" width=\"30\" style=\"\" alt=\"\"><\/strong><\/h4>\n<h4><strong><a title=\"Productos\" href=\"\/es\/products\/\">Ver nuestros productos destacados<\/a> <\/strong><\/h4>\n\t<p><strong><a href=\"https:\/\/h2obajabkup.local\/our-products-are-the-solutions-for-your-water-problems\/\">Selecciona Tu Sistema:<\/a><\/strong><\/p>\n    <a href=\"https:\/\/h2obaja.com\/es\/our-products-are-the-solutions-for-your-water-problems\/residential\/\">\n        <img loading=\"lazy\" decoding=\"async\" src=\"https:\/\/h2obaja.com\/wp-content\/uploads\/2023\/07\/residential_water_treatment_products1.png\" width=\"130\" height=\"130\" alt=\"\">\n    <\/a>\n    <a title=\"Residencial\" href=\"https:\/\/h2obaja.com\/es\/our-products-are-the-solutions-for-your-water-problems\/residential\/\">Residencial<\/a>\n    <a href=\"https:\/\/h2obaja.com\/es\/our-products-are-the-solutions-for-your-water-problems\/commercial\/\">\n        <img loading=\"lazy\" decoding=\"async\" src=\"https:\/\/h2obaja.com\/wp-content\/uploads\/2023\/07\/commercial_water_treatment_products.png\" width=\"130\" height=\"130\" alt=\"\">\n    <\/a>\n    <a title=\"Comercial\" href=\"https:\/\/h2obaja.com\/es\/our-products-are-the-solutions-for-your-water-problems\/commercial\/\">Comercial<\/a>\n<p><a href=\"https:\/\/mightymac.com.mx\"><img decoding=\"async\" src=\"https:\/\/h2obaja.com\/wp-content\/uploads\/2023\/07\/Mighty-Mac-logo-grey-text-2.png\" alt=\"\"><\/a><\/p>","protected":false},"excerpt":{"rendered":"<p>We are your best choice for water purification products, including Whole House, Reverse Osmosis, Ultrafiltration, Ozone, Ultra Violet and more. Located in Cabo San Lucas, we offer residents of Los Cabos a complimentary drinking water test in our lab, after which we will offer you the solution to your home [&hellip;]<\/p>\n","protected":false},"author":2,"featured_media":0,"parent":0,"menu_order":0,"comment_status":"closed","ping_status":"closed","template":"page-templates\/homepage-builder-bb.php","meta":{"footnotes":""},"class_list":["post-9","page","type-page","status-publish","hentry"],"_links":{"self":[{"href":"https:\/\/h2obaja.com\/es\/wp-json\/wp\/v2\/pages\/9","targetHints":{"allow":["GET"]}}],"collection":[{"href":"https:\/\/h2obaja.com\/es\/wp-json\/wp\/v2\/pages"}],"about":[{"href":"https:\/\/h2obaja.com\/es\/wp-json\/wp\/v2\/types\/page"}],"author":[{"embeddable":true,"href":"https:\/\/h2obaja.com\/es\/wp-json\/wp\/v2\/users\/2"}],"replies":[{"embeddable":true,"href":"https:\/\/h2obaja.com\/es\/wp-json\/wp\/v2\/comments?post=9"}],"version-history":[{"count":15,"href":"https:\/\/h2obaja.com\/es\/wp-json\/wp\/v2\/pages\/9\/revisions"}],"predecessor-version":[{"id":286,"href":"https:\/\/h2obaja.com\/es\/wp-json\/wp\/v2\/pages\/9\/revisions\/286"}],"wp:attachment":[{"href":"https:\/\/h2obaja.com\/es\/wp-json\/wp\/v2\/media?parent=9"}],"curies":[{"name":"wp","href":"https:\/\/api.w.org\/{rel}","templated":true}]}}