{"id":59,"date":"2023-07-09T01:02:11","date_gmt":"2023-07-09T01:02:11","guid":{"rendered":"http:\/\/h2obprecense.local\/?page_id=59"},"modified":"2024-04-02T22:54:45","modified_gmt":"2024-04-03T02:54:45","slug":"f-a-q","status":"publish","type":"page","link":"https:\/\/h2obaja.com\/es\/f-a-q\/","title":{"rendered":"Preguntas Frecuentes"},"content":{"rendered":"<div class=\"lightweight-accordion\"><details><summary class=\"lightweight-accordion-title\"><h3>\u00bfQu\u00e9 es un dispositivo de Punto de Entrada (POE) o Sistema de Agua para toda la Casa?<\/h3><\/summary><div class=\"lightweight-accordion-body\"><p>POE refers to a system that treats your water before it enters your house plumbing (After your cistern). This allows the water conditioning benefits at each faucet, water-using appliance, and shower head. POE devices should be sized properly so as not to restrict the water flow into the house. We can properly size your water system. H2o Baja Water Products offers many solutions for your water problems including custom built reverse osmosis, ozone, softeners, de-scalers, etc. Contact Baja&#8217;s Water Experts for a water test in our lab and a free evaluation.<\/p>\n<\/div><\/details><\/div>\n<div class=\"lightweight-accordion\"><details><summary class=\"lightweight-accordion-title\"><h3>\u00bfQu\u00e9 es un dispositivo de Punto de Uso (POU)?<\/h3><\/summary><div class=\"lightweight-accordion-body\"><p>POU se refiere a un filtro o dispositivo de desinfecci\u00f3n que se conecta a un accesorio espec\u00edfico, como un grifo de cocina o una regadera. Los dispositivos POU requieren cambios de filtro m\u00e1s frecuentes. Combinar POE con POU te brinda un sistema de filtraci\u00f3n a\u00fan mejor y una mayor protecci\u00f3n, ya que ahora tienes un sistema de agua con m\u00faltiples barreras. \u00a1H\u00e1blanos al respecto!<\/p>\n<\/div><\/details><\/div>\n<div class=\"lightweight-accordion\"><details><summary class=\"lightweight-accordion-title\"><h3>\u00bfQu\u00e9 puedo hacer con el agua dura?<\/h3><\/summary><div class=\"lightweight-accordion-body\"><p>Hard water basically refers to the content of calcium and magnesium in your water supply. In high concentrations, it causes many problems in the home. Traditional water softeners have been around since the 1950s. Hey, Culligan man!! Well, that technology is still around, although it has recently met with opposition, as it has become apparent that the brine discharge from these systems is making its way into our aquifer, thus damaging crops, home gardens, and our drinking water. H2o Baja Water Products sell a couple of non-chemical water conditioners that use no salt or potassium and a traditional water softener for extremely hard water. H2o Baja can test your water in our lab and determine which is best for you. Don&#8217;t be surprised if you see a significant reduction in your utility bill with one of our units.<\/p>\n<\/div><\/details><\/div>\n<div class=\"lightweight-accordion\"><details><summary class=\"lightweight-accordion-title\"><h3>Mi agua sabe a sal. \u00bfQu\u00e9 puedes hacer al respecto?<\/h3><\/summary><div class=\"lightweight-accordion-body\"><p>Tenemos \u00e1reas donde las personas extraen su agua de un pozo cerca del oc\u00e9ano, y no es raro tener sal en el agua. El m\u00e9todo m\u00e1s com\u00fan para eliminar la sal del agua es a trav\u00e9s de la \u00d3smosis Inversa, aunque la Destilaci\u00f3n tambi\u00e9n funciona. H2o Baja Water Products puede dise\u00f1ar y construir el sistema correcto para tu agua salada despu\u00e9s de que analicemos tu muestra de agua en nuestro laboratorio.<\/p>\n<\/div><\/details><\/div>\n<div class=\"lightweight-accordion\"><details><summary class=\"lightweight-accordion-title\"><h3>\u00bfNecesito limpiar mi cisterna\/tinaco?<\/h3><\/summary><div class=\"lightweight-accordion-body\"><p>Yes!!! Every six months to a year!!! Some people either forget about it, procrastinate, or don&#8217;t think it matters since they don&#8217;t drink it. Be aware that you absorb water right through your skin and that includes bacteria, arsenic, chlorine, etc. We have a saying here, Why bathe in water you wouldn&#8217;t drink?? It makes good sense. Contact H2o Baja for a cleaning service and information on how to make your water supply safer for your family.<\/p>\n<\/div><\/details><\/div>\n<div class=\"lightweight-accordion\"><details><summary class=\"lightweight-accordion-title\"><h3>\u00bfMi piel realmente absorbe contaminantes del agua?<\/h3><\/summary><div class=\"lightweight-accordion-body\"><p>You bet it does. Read this: Bathing in water containing arsenic: Philippe-Andr Boileau: 11\/9\/2005. This is a new route for risk analysis. The most research on this route was with THMs (Trihalomethanes). It has been found that 70% of the assimilated THM&#8217;s come not from ingestion, but from INHALATION and absorption during showering. This has led to a tightening of the standards by the USEPA. The rationale for the current 10 ppb As Maximum Allowable is not based on what is safe, but is a target that will be difficult to reach taking into account current technologies. With microbes, Arsenic has to be the number one health risk associated with water, a proven and important cause of cancer. Regarding lead, the same was found. 70% comes from the inhalation route on AVERAGE. Not from ingestion. I would submit the same is true with arsenic, which is also an atom. There is no doubt it would be present in droplets of 5 microns or less. Therefore it will be inhaled deep into the bronchioles and assimilated. This is a good reason I feel for going for POE treatment rather than only POU.<\/p>\n<\/div><\/details><\/div>\n<div class=\"lightweight-accordion\"><details><summary class=\"lightweight-accordion-title\"><h3>\u00bfDeber\u00eda preocuparme por el ars\u00e9nico en mi agua?<\/h3><\/summary><div class=\"lightweight-accordion-body\"><p>Unfortunately, there is a high level of arsenic in Southern Baja. Recently a team from UC Berkeley came down here and tested 270 wells. They reported high levels in the majority. Arsenic occurs here naturally and needs to be removed from your water. We hear from long time residents down here that have been drinking the water for 15 years and aren&#8217;t dead yet. That&#8217;s true, and some people smoke until they are 100 and die in a car crash. Nevertheless, it&#8217;s healthier to avoid contact with arsenic, period.<\/p>\n<\/div><\/details><\/div>\n<div class=\"lightweight-accordion\"><details><summary class=\"lightweight-accordion-title\"><h3>\u00bfPor qu\u00e9 querr\u00eda un sistema de m\u00faltiples barreras?<\/h3><\/summary><div class=\"lightweight-accordion-body\"><p>Esta es una pregunta com\u00fan, y muchas personas se ponen un poco r\u00edgidas cuando lo mencionamos. A nadie le gusta que le impongan otro producto, y nosotros tratamos de no hacerlo. El hecho es que si eliminas el 99% de algo, 1 de cada 100 puede pasar. Por lo tanto, al agregar una barrera adicional, est\u00e1s mejor protegido. Incluso con un sistema de POU, tu agua recorre un largo camino antes de salir de tu grifo. M\u00e9xico todav\u00eda usa soldadura de plomo, que es ilegal en los Estados Unidos por una buena raz\u00f3n. Recomendamos nuestro sistema de ozono Tru-Pure en el fregadero de la cocina. Elimina el plomo y tambi\u00e9n es un sanitizante, adem\u00e1s, el ozono refresca el sabor de tu agua potable. Por cierto, H2o Baja solo utiliza soldadura sin plomo en nuestras instalaciones.<\/p>\n<\/div><\/details><\/div>\n<div class=\"lightweight-accordion\"><details><summary class=\"lightweight-accordion-title\"><h3>\u00bfCu\u00e1nto cuestan tus sistemas?<\/h3><\/summary><div class=\"lightweight-accordion-body\"><p>Nuestros sistemas POU Tru-Pure cuestan $995 USD + IVA y nuestros sistemas POE comienzan alrededor de $2500 USD + IVA. Despu\u00e9s de una evaluaci\u00f3n, podemos recomendar el sistema correcto para tu aplicaci\u00f3n.<\/p>\n<\/div><\/details><\/div>\n<div class=\"lightweight-accordion\"><details><summary class=\"lightweight-accordion-title\"><h3>\u00bfTienen sistemas de luz ultravioleta (UV)?<\/h3><\/summary><div class=\"lightweight-accordion-body\"><p>Yes, we do. The issue with UV lamps is that they require a water softening device in front of them in order to work properly (check your owner&#8217;s manual). The water down here is hard and the UV lens can become clouded with calcium which greatly reduces the effectiveness of the UV rays. Most people living down here already have a UV system, but we have only seen one water softener and it did not function. So, unless you are into frequently dismantling and cleaning calcium deposits from your UV lens with acid, you need a water softener or conditioner\/descaler. It&#8217;s as simple as that. We sell a nifty little non-chemical water conditioner\/descaler that is perfect for UV systems and require no salt or maintenance and it will keep the lens clean automatically or we can put in a traditional water softener for you.<\/p>\n<\/div><\/details><\/div>\n<div class=\"lightweight-accordion\"><details><summary class=\"lightweight-accordion-title\"><h3>\u00bfPuedes explicar las ventajas del sistema Tru-Pure Ozone?<\/h3><\/summary><div class=\"lightweight-accordion-body\"><p>First, ozone kills bacteria 3200 times faster than chlorine and the by-product is oxygen, not some cancer causing chemical. The Tru-Pure Ozone system produces FDA quality water (better than bottled water) at one gallon per minute plus it can sanitize your kitchen environment. It kills bacteria, viruses, mold, fungus on contact, so you can rinse and disinfect your food by simply flooding it with Tru-Pure Ozone water. There are no UV lamps to change every year. Don&#8217;t forget, UV lamps only work when the water is inside the unit and not one millimeter further. Ozone disinfects all the way into your glass or bowl of grapes and continues to disinfect for about 4 minutes or so. Rinse your hands in Tru-Pure Ozone water after cutting up onions or garlic and the smell disappears! Brush your teeth with it and it kills germs and bacteria in your mouth. Check out the benefits of drinking ozone water on the internet. Did you know that every water bottler in Canada is required to ozonate their water? It&#8217;s safer, cheaper and more convenient to bottle your own water at the kitchen sink and reduce the use of plastic bottles. The replacement cartridges is $20 and last 3 &#8211; 6 months or more, depending on usage. This is a must have for Mexico.<\/p>\n<\/div><\/details><\/div>","protected":false},"excerpt":{"rendered":"","protected":false},"author":2,"featured_media":0,"parent":0,"menu_order":0,"comment_status":"closed","ping_status":"closed","template":"","meta":{"footnotes":""},"class_list":["post-59","page","type-page","status-publish","hentry"],"_links":{"self":[{"href":"https:\/\/h2obaja.com\/es\/wp-json\/wp\/v2\/pages\/59","targetHints":{"allow":["GET"]}}],"collection":[{"href":"https:\/\/h2obaja.com\/es\/wp-json\/wp\/v2\/pages"}],"about":[{"href":"https:\/\/h2obaja.com\/es\/wp-json\/wp\/v2\/types\/page"}],"author":[{"embeddable":true,"href":"https:\/\/h2obaja.com\/es\/wp-json\/wp\/v2\/users\/2"}],"replies":[{"embeddable":true,"href":"https:\/\/h2obaja.com\/es\/wp-json\/wp\/v2\/comments?post=59"}],"version-history":[{"count":4,"href":"https:\/\/h2obaja.com\/es\/wp-json\/wp\/v2\/pages\/59\/revisions"}],"predecessor-version":[{"id":63,"href":"https:\/\/h2obaja.com\/es\/wp-json\/wp\/v2\/pages\/59\/revisions\/63"}],"wp:attachment":[{"href":"https:\/\/h2obaja.com\/es\/wp-json\/wp\/v2\/media?parent=59"}],"curies":[{"name":"wp","href":"https:\/\/api.w.org\/{rel}","templated":true}]}}