{"id":50,"date":"2023-07-09T00:48:37","date_gmt":"2023-07-09T00:48:37","guid":{"rendered":"http:\/\/h2obprecense.local\/?page_id=50"},"modified":"2023-07-11T23:20:53","modified_gmt":"2023-07-11T23:20:53","slug":"our-products-are-the-solutions-for-your-water-problems","status":"publish","type":"page","link":"https:\/\/h2obaja.com\/es\/our-products-are-the-solutions-for-your-water-problems\/","title":{"rendered":"Tenemos soluciones para tus problemas de agua."},"content":{"rendered":"<p class=\"translation-block\"><img src=\"http:\/\/h2obprecense.local\/wp-content\/uploads\/2023\/07\/POUa.jpg\" width=\"244\" height=\"516\" class=\"alignright size-full wp-image-3190\" alt=\"\">Existen muchos problemas relacionados con el uso del agua dom\u00e9stica, ya sea suministrada por su municipio, su pozo, u otra fuente. En las siguientes gr\u00e1ficas, hemos intentado listar los problemas m\u00e1s comunes en la parte superior de la p\u00e1gina y luego ofrecer soluciones en la columna de la izquierda. Independientemente de las preocupaciones que puedas encontrar con tu fuente de agua, H2O Baja Water Products tiene una soluci\u00f3n para tus problemas de agua. Como verdadero fabricante de equipos, a menudo podemos hacer cambios peque\u00f1os a significativos en nuestros equipos para satisfacer las necesidades de nuestros clientes. Los productos que presentamos en nuestro sitio web son solo una fracci\u00f3n de lo que somos capaces de ofrecer en total. Por lo tanto, si tus necesidades terminan siendo un filtro de cartucho, una unidad grande de \u00f3smosis inversa, un suavizador de agua, un dispositivo sin qu\u00edmicos, un desionizador, o cualquiera de nuestros docenas de productos, estamos aqu\u00ed para ayudar. A veces, las aplicaciones residenciales y comerciales se superponen; ejemplos ser\u00edan un uso relativamente bajo de agua para un laboratorio de f\u00e1brica o cafeter\u00eda, y un uso relativamente alto de agua para una casa con riego o ganado. Muchos de nuestros productos se pueden utilizar en cualquiera de las aplicaciones. Tenemos una persona biling\u00fce experimentada respondiendo a nuestras llamadas, por lo que si tienes una necesidad inmediata o est\u00e1s confundido por la gr\u00e1fica, por favor levanta el tel\u00e9fono y ll\u00e1manos gratuitamente al 01-800-837-7097. M\u00e1s a menudo que no, podemos atender tus preocupaciones de inmediato. Tambi\u00e9n puedes contactarnos por correo electr\u00f3nico en <a title=\"Cont\u00e1ctanos\" href=\"http:\/\/h2obprecense.local\/contact\/\" target=\"_self\">info@h2obaja.com<\/a>. Por favor comienza tu b\u00fasqueda de producto a continuaci\u00f3n:<\/p>\n      <a href=\"https:\/\/h2obaja.com\/es\/our-products-are-the-solutions-for-your-water-problems\/residential\/\">\n          <img decoding=\"async\" src=\"https:\/\/h2obaja.com\/wp-content\/uploads\/2023\/07\/residential_water_treatment_products1.png\" alt=\"\">\n      <\/a>\n      <a title=\"Residencial\" href=\"https:\/\/h2obaja.com\/es\/our-products-are-the-solutions-for-your-water-problems\/residential\/\">Productos Residenciales<\/a>\n      <a href=\"https:\/\/h2obaja.com\/es\/our-products-are-the-solutions-for-your-water-problems\/commercial\/\">\n          <img decoding=\"async\" src=\"https:\/\/h2obaja.com\/wp-content\/uploads\/2023\/07\/commercial_water_treatment_products.png\" alt=\"\">\n      <\/a>\n      <a title=\"Comercial\" href=\"https:\/\/h2obaja.com\/es\/our-products-are-the-solutions-for-your-water-problems\/commercial\/\">Productos Comerciales<\/a>","protected":false},"excerpt":{"rendered":"<p>There are many problems related to the use of domestic water, whether supplied by your municipality, your well, or elsewhere. In the following charts, we have attempted to list the most common problems at the top of the page and then offer solutions listed in the left-hand column. Regardless of [&hellip;]<\/p>\n","protected":false},"author":2,"featured_media":0,"parent":0,"menu_order":0,"comment_status":"closed","ping_status":"closed","template":"","meta":{"footnotes":""},"class_list":["post-50","page","type-page","status-publish","hentry"],"_links":{"self":[{"href":"https:\/\/h2obaja.com\/es\/wp-json\/wp\/v2\/pages\/50","targetHints":{"allow":["GET"]}}],"collection":[{"href":"https:\/\/h2obaja.com\/es\/wp-json\/wp\/v2\/pages"}],"about":[{"href":"https:\/\/h2obaja.com\/es\/wp-json\/wp\/v2\/types\/page"}],"author":[{"embeddable":true,"href":"https:\/\/h2obaja.com\/es\/wp-json\/wp\/v2\/users\/2"}],"replies":[{"embeddable":true,"href":"https:\/\/h2obaja.com\/es\/wp-json\/wp\/v2\/comments?post=50"}],"version-history":[{"count":10,"href":"https:\/\/h2obaja.com\/es\/wp-json\/wp\/v2\/pages\/50\/revisions"}],"predecessor-version":[{"id":261,"href":"https:\/\/h2obaja.com\/es\/wp-json\/wp\/v2\/pages\/50\/revisions\/261"}],"wp:attachment":[{"href":"https:\/\/h2obaja.com\/es\/wp-json\/wp\/v2\/media?parent=50"}],"curies":[{"name":"wp","href":"https:\/\/api.w.org\/{rel}","templated":true}]}}